{"id":116563,"date":"2025-06-28T17:41:38","date_gmt":"2025-06-28T15:41:38","guid":{"rendered":"https:\/\/modestfurniture.com\/?post_type=product&#038;p=116563"},"modified":"2025-11-08T11:47:37","modified_gmt":"2025-11-08T10:47:37","slug":"a-heart-cone-chair-verner-panton-for-plus-linje","status":"publish","type":"product","link":"https:\/\/modestfurniture.com\/fr\/product\/a-heart-cone-chair-verner-panton-for-plus-linje\/","title":{"rendered":"Chaise \u00e0 c\u00f4ne en forme de c\u0153ur"},"content":{"rendered":"","protected":false},"excerpt":{"rendered":"<p>Verner Panton pour Plus Linje<\/p>","protected":false},"featured_media":116564,"template":"","meta":{"wds_primary_product_brand":0,"wds_primary_product_cat":0,"wds_primary_pa_availability":0,"wds_primary_pa_condition":0,"wds_primary_pa_country":0,"wds_primary_pa_depth-cm":0,"wds_primary_pa_designer":0,"wds_primary_pa_diameter-cm":0,"wds_primary_pa_height-cm":0,"wds_primary_pa_manufacturer":0,"wds_primary_pa_period":0,"wds_primary_pa_seat-height-cm":0,"wds_primary_pa_width-cm":0},"product_brand":[],"product_cat":[186],"product_tag":[867],"class_list":{"0":"post-116563","1":"product","2":"type-product","3":"status-publish","4":"has-post-thumbnail","6":"product_cat-seating","7":"product_tag-https-modestfurniture-com-collection-dark","9":"first","10":"instock","11":"taxable","12":"shipping-taxable","13":"purchasable","14":"product-type-simple"},"_links":{"self":[{"href":"https:\/\/modestfurniture.com\/fr\/wp-json\/wp\/v2\/product\/116563","targetHints":{"allow":["GET"]}}],"collection":[{"href":"https:\/\/modestfurniture.com\/fr\/wp-json\/wp\/v2\/product"}],"about":[{"href":"https:\/\/modestfurniture.com\/fr\/wp-json\/wp\/v2\/types\/product"}],"wp:featuredmedia":[{"embeddable":true,"href":"https:\/\/modestfurniture.com\/fr\/wp-json\/wp\/v2\/media\/116564"}],"wp:attachment":[{"href":"https:\/\/modestfurniture.com\/fr\/wp-json\/wp\/v2\/media?parent=116563"}],"wp:term":[{"taxonomy":"product_brand","embeddable":true,"href":"https:\/\/modestfurniture.com\/fr\/wp-json\/wp\/v2\/product_brand?post=116563"},{"taxonomy":"product_cat","embeddable":true,"href":"https:\/\/modestfurniture.com\/fr\/wp-json\/wp\/v2\/product_cat?post=116563"},{"taxonomy":"product_tag","embeddable":true,"href":"https:\/\/modestfurniture.com\/fr\/wp-json\/wp\/v2\/product_tag?post=116563"}],"curies":[{"name":"wp","href":"https:\/\/api.w.org\/{rel}","templated":true}]}}