{"id":117310,"date":"2025-07-26T16:44:52","date_gmt":"2025-07-26T14:44:52","guid":{"rendered":"https:\/\/modestfurniture.com\/?post_type=product&#038;p=117310"},"modified":"2025-10-16T15:28:39","modified_gmt":"2025-10-16T13:28:39","slug":"oak-sideboard-kurt-ostervig-for-kp-mobler","status":"publish","type":"product","link":"https:\/\/modestfurniture.com\/fr\/product\/oak-sideboard-kurt-ostervig-for-kp-mobler\/","title":{"rendered":"Buffet en ch\u00eane"},"content":{"rendered":"","protected":false},"excerpt":{"rendered":"<p>Kurt \u00d8stervig for KP M\u00f8bler<\/p>","protected":false},"featured_media":117313,"template":"","meta":{"wds_primary_product_brand":0,"wds_primary_product_cat":0,"wds_primary_pa_availability":0,"wds_primary_pa_condition":0,"wds_primary_pa_country":0,"wds_primary_pa_depth-cm":0,"wds_primary_pa_designer":0,"wds_primary_pa_diameter-cm":0,"wds_primary_pa_height-cm":0,"wds_primary_pa_manufacturer":0,"wds_primary_pa_period":0,"wds_primary_pa_seat-height-cm":0,"wds_primary_pa_width-cm":0},"product_brand":[],"product_cat":[211],"product_tag":[],"class_list":{"0":"post-117310","1":"product","2":"type-product","3":"status-publish","4":"has-post-thumbnail","6":"product_cat-archive","8":"first","9":"outofstock","10":"taxable","11":"shipping-taxable","12":"product-type-simple"},"_links":{"self":[{"href":"https:\/\/modestfurniture.com\/fr\/wp-json\/wp\/v2\/product\/117310","targetHints":{"allow":["GET"]}}],"collection":[{"href":"https:\/\/modestfurniture.com\/fr\/wp-json\/wp\/v2\/product"}],"about":[{"href":"https:\/\/modestfurniture.com\/fr\/wp-json\/wp\/v2\/types\/product"}],"wp:featuredmedia":[{"embeddable":true,"href":"https:\/\/modestfurniture.com\/fr\/wp-json\/wp\/v2\/media\/117313"}],"wp:attachment":[{"href":"https:\/\/modestfurniture.com\/fr\/wp-json\/wp\/v2\/media?parent=117310"}],"wp:term":[{"taxonomy":"product_brand","embeddable":true,"href":"https:\/\/modestfurniture.com\/fr\/wp-json\/wp\/v2\/product_brand?post=117310"},{"taxonomy":"product_cat","embeddable":true,"href":"https:\/\/modestfurniture.com\/fr\/wp-json\/wp\/v2\/product_cat?post=117310"},{"taxonomy":"product_tag","embeddable":true,"href":"https:\/\/modestfurniture.com\/fr\/wp-json\/wp\/v2\/product_tag?post=117310"}],"curies":[{"name":"wp","href":"https:\/\/api.w.org\/{rel}","templated":true}]}}